{"id":2452,"date":"2023-01-11T13:45:49","date_gmt":"2023-01-11T13:45:49","guid":{"rendered":"https:\/\/pribicevic.pribiart.com\/?page_id=2452"},"modified":"2023-01-12T10:52:43","modified_gmt":"2023-01-12T10:52:43","slug":"group-exhibitions","status":"publish","type":"page","link":"https:\/\/pribicevic.pribiart.com\/sr\/group-exhibitions\/","title":{"rendered":"group exhibitions"},"content":{"rendered":"<div class=\"wp-block-citadela-blocks-spacer citadela-block-spacer\"><div class=\"inner-holder\" style=\"padding-top:50px\"><\/div><\/div>\n\n\n\n<h2 class=\"has-text-align-center wp-block-heading\" style=\"font-style:normal;font-weight:700\">Collective exhibitions \/ grupne izlo\u017ebe<\/h2>\n\n\n\n<div style=\"height:60px\" aria-hidden=\"true\" class=\"wp-block-spacer\"><\/div>\n\n\n\n<div class=\"wp-block-citadela-blocks-custom-container citadela-block-custom-container size-content bg-type-none inside-space-none\"><div class=\"inner-holder\">\n<p><\/p>\n\n\n\n<p><\/p>\n\n\n\n<div class=\"wp-block-columns alignwide is-layout-flex wp-container-core-columns-is-layout-9d6595d7 wp-block-columns-is-layout-flex\">\n<div class=\"wp-block-column is-vertically-aligned-center is-layout-flow wp-block-column-is-layout-flow\">\n<h2 class=\"wp-block-heading\">The list of collective exhibitions<\/h2>\n<\/div>\n\n\n\n<div class=\"wp-block-column is-vertically-aligned-top is-layout-flow wp-block-column-is-layout-flow\">\n<h2 class=\"wp-block-heading\">Zna\u010dajnije grupne izlo\u017ebe<\/h2>\n<\/div>\n<\/div>\n\n\n\n<div class=\"wp-block-columns alignwide are-vertically-aligned-center is-layout-flex wp-container-core-columns-is-layout-9d6595d7 wp-block-columns-is-layout-flex\">\n<div class=\"wp-block-column has-background is-layout-flow wp-block-column-is-layout-flow\" style=\"background-color:#ededed00\">\n<p>1989. Biennale of illustrations \u201cGolden pen\u201d, Belgrade, Serbia<br>1990. Biennale of illustrations \u201cGolden pen\u201d, Belgrade, Serbia<br>1991. Biennale of illustrations \u201cGolden pen\u201d, Belgrade, Serbia<br>1992. International biennale of illustrations \u201cGolden pen\u201d, Belgrade, Serbia<br>1993. Biennale of illustrations \u201cGolden pen\u201d, Belgrade, Serbia<br>1994. International biennale of illustrations \u201cGolden pen\u201d, Belgrade (Paris, Sankt Petersburg)<br>1996. International biennale of illustrations \u201cGolden pen\u201d, Belgrade (Skopje &#8211; Macedonia)<br>1996. October Salon exhibition, Belgrade, Serbia<br>1997. International biennale of illustrations BIB 97., Bratislawa, Slovakia<br>1997. The October salon, Belgrade, Serbia<br>1997. Biennale of minimal art, Toronto, Canada<br>1998. V international exhibition of small format, Gornji Milanovac, Serbia<br>1998. Dedeto, Havana, Cuba<br>1998. CADAQUES, small graphic, Barcelona, Spain (England, France)<br>2000. International exhibition of paintings on the occasion of 50 years KLUJ, Jagodina, Serbia<br>2000. Galery \u201cOld Pinakotek\u201d, Thesalloniki, Greece, humanitary actions<br>2000. October Salon exhibition, Sabac, Serbia<br>2001. International biennale of illustrations \u201cGolden pen\u201d, Belgrade, Serbia<br>2001. The May Exhibition, Belgrade, Serbia<br>2001. CADAQUES, small graphic, Barcelona, Spain (England, France)<br>2001. Figurative aquarel III, international exhibition, Gallery of aquarels &#8211; Kragujevac, Serbia<br>2002. CADAQUES, small graphic, Barcelona, Spain (England, France)<br>2002. October Salon exhibition, Sabac, Serbia<br>2002. Zemun salon, \u201cStara Kapetanija\u201d, Zemun, Serbia<br>2002. 1st Interbalkan forum of Contemporary Miniature Art, Solun, Greece<br>2003 VII international exhibition of small format, Gornji Milanovac, Serbia<br>2003. International biennale of illustration BIB 2003, Bratislawa, Slovakia<br>2003. IV International Triennial of graphic art, Bitola, Macedonia<br>2003. VII international biennale of illustration \u201cGolden pen\u201d Belgrade, Serbia<br>2003. October Salon exhibition, Velika Plana, Serbia<br>2003. October Salon exhibition, Sabac, Serbia<br>2003. Zemun salon, \u201cStara Kapetanija\u201d, Zemun, Serbia<br>2004. The May Exhibition, Belgrade, Serbia<br>2004. The spring exhibition, \u201cStara Kapetanija\u201d, Zemun, Serbia<br>2004. XI Belgrade mini art scene, \u201cSingidunum\u201d gallery, Belgrade<br>2004. CADAQUES, small graphic, Barcelona, Spain (England, France)<br>2005. The spring exhibition, \u201cStara Kapetanija\u201d, Zemun<br>2005. Art symposium \u201cJahorina 2004\u201d, gallery \u201cMilenko Atanackovic\u201d, Bijeljina, Bosnia and Hercegovina<br>2005. VIII International biennale of illustrations \u201cGolden pen\u201d, Belgrade, Serbia<br>2005. October Salon exhibition, Sabac, Serbia<br>2005. CADAQUES, small graphic, Barcelona, Spain (England, France)<br>2006. The spring exhibition, \u201cStara Kapetanija\u201d, Zemun<br>2006. Kliritart, ULUS gallery, Belgrade<br>2006. \u201cCollection de Toledo\u201d, Arte de Circulo e Toledo, Toledo, Spain<br>2006. NEXO 2006, Centro Cultural San Clemente, Toledo, Spain<br>2006. FAIM, Madrid, Spain<br>2006. Zemun salon, \u201cStara Kapetanija\u201d, Zemun, Serbia<br>2007. Winter Salon \u201807, \u201cProgres\u201d gallery, Belgrade, Serbia<br>2007. Exhibition &#8211; Art symposium \u201cGalicnik\u201d, Stip, Bitola, Kumanovo, Skopje, Macedonia<br>2007. October Salon exhibition, Sabac, Serbia<br>2009. Art symposium \u201cJahorina 2008\u201d gallery \u201cHram\u201d, Sarajevo, Bosnia and Hercegovina<br>2009. October Salon exhibition, Sabac, Serbia<br>2010. \u201cLAGASAO\u201d Elvas, Portugal <br>2010. Art expo Badahoz, Portugal<br>2010. Zemun salon, \u201cStara Kapetanija\u201d, Zemun, Serbia<br>2010. City gallery, Kumanovo, Macedonia (art symposium \u201cPelince\u201d 2010)<br>2011. City gallery, Kumanovo, Macedonia (art symposium \u201cPelince\u201d 2011)<br>2011. City gallery, Kumanovo, Macedonia (50 years of City Museum in Kumanovo)<br>2012. \u201cFigure in contemporary art\u201d (Art symposium \u201cJahorina 2011\u201d), gallery \u201cNovi Hram\u201d, Sarajevo, BiH<br>2012. October Salon exhibition, Sabac, Serbia<br>2012. Zemunski salon, \u201cStara Kapetanija\u201d, Zemun, Serbia<br>2013. The spring exhibition, \u201cStara Kapetanija\u201d, Zemun, Serbia<br>2013. October Salon exhibition, Sabac, Serbia<br>2013. Zemunski salon, \u201cStara Kapetanija\u201d, Zemun, Serbia<br>2014. The spring exhibition, \u201cStara Kapetanija\u201d, Zemun, Serbia<br>2014. October Salon exhibition, Sabac, Serbia<br>2014. Zemunski salon, \u201cStara Kapetanija\u201d, Zemun, Serbia<br>2015. The spring exhibition, \u201cStara Kapetanija\u201d, Zemun, Serbia<br>2015. October Salon exhibition, Sabac, Serbia<br>2015. Zemun salon, \u201cStara Kapetanija\u201d, Zemun, Serbia<br>2016. The spring exhibition, \u201cStara Kapetanija\u201d, Zemun, Serbia<br>2016. October Salon exhibition, Sabac, Serbia, Serbia<br>2016. Zemun salon, \u201cStara Kapetanija\u201d, Zemun, Serbia<\/p>\n<\/div>\n\n\n\n<div class=\"wp-block-column has-background is-layout-flow wp-block-column-is-layout-flow\" style=\"background-color:#ededed00\">\n<p>1989. Bijenale ilustracije \u201eZlatno pero\u201c, Beograd<br>1990. Bijenale ilustracije \u201eZlatno pero\u201c, Beograd<br>1991. Bijenale ilustracije \u201eZlatno pero\u201c, Beograd<br>1992. Me\u0111unarodno bijenale ilustracije \u201eZlatno pero\u201c, Beograd<br>1993. Bijenale ilustracije \u201eZlatno pero\u201c, Beograd<br>1994. Me\u0111unarodno bijenale ilustracije \u201eZlatno pero\u201c, Beograd (Pariz, Petrograd)<br>1995. Bijenale ilustracije \u201eZlatno pero\u201c, Beograd<br>1996. Me\u0111unarodno bijenale ilustracije \u201eZlatno pero\u201c, Beograd (Skoplje)<br>1996. \u201eVidim Vuka\u201c, Vukova zadu\u017ebina, Beograd<br>1996. Vukov sabor, Tr\u0161i\u0107<br>1996. Oktobarski salon, Beograd<br>1997. Izlo\u017eba novih \u010dlanova ULUS-a, galerija ULUS-a, Beograd<br>1997. Izlo\u017eba novih \u010dlanova ULUPUDS-a, galerija Singidunum, Beograd<br>1997. Me\u0111unarodno bijenale ilustracije BIB 97, Bratislava, Slova\u010dka<br>1997. Karlova\u010dki salon mladih, Sremski Karlovci<br>1997. Oktobarski salon, Beograd<br>1997. Oktobarski salon, \u0160abac<br>1997. Biennale of minimal art, Toronto, Kanada<br>1998. Bijenale ilustracije \u201eZlatno pero\u201c, Beograd<br>1998. IV izlo\u017eba crte\u017ea, galerija \u201eVera Blagojevi\u0107\u201c, \u0160abac<br>1998. 50 godina \u0160kole za dizajn \u201eBogdan \u0160uput\u201c, Novi Sad<br>1998. VI izlo\u017eba slika malog formata, galerija \u201eVera Blagojevi\u0107\u201c, \u0160abac<br>1998. V me\u0111unarodna izlo\u017eba malog formata, Gornji Milanovac<br>1998. DEDETO, Havana, Kuba<br>1998. CADAQUES, mala grafika, \u0160panija (Engleska, Francuska)<br>1999. VII izlo\u017eba slika malog formata, galerija \u201eVera Blagojevi\u0107\u201c, \u0160abac<br>1999. Muzej istorije Jugoslavije, Beograd, hum. ak.<br>1999. Izlo\u017eba portreta, galerija \u201eVera Blagojevi\u0107\u201c, \u0160abac<br>2000. \u201e2000 godina hri\u0161\u0107anstva\u201c, galerija \u201eVera Blagojevi\u0107\u201c, \u0160abac<br>2000. Me\u0111unarodna izlo\u017eba slika &#8211; 50 godina KLUJ-a, Jagodina<br>2000. Galerija stare Pinakoteke, Solun, Gr\u010dka, hum. ak.<br>2000. Izlo\u017eba slika likovne kolonije \u201eMi\u0161ar 2000\u201c, galerija \u201eVera Blagojevi\u0107\u201c, \u0160abac<br>2000. Septembarski salon, galerija \u201eMina Karad\u017ei\u0107\u201c, Loznica<br>2000. Izlo\u017eba slika lik. kolonije \u201eMi\u0161ar 2000\u201c, galerija \u201eMina Karad\u017ei\u0107\u201c, Loznica<br>2000. Izlo\u017eba slika 7. Vi\u0161egradske lik. kolonije, Gradska galerija Vi\u0161egrad, RS, BiH<br>2000. Izlo\u017eba slika 7. Vi\u0161egradske lik. kolonije, Banja Luka, Doboj, RS, BiH<br>2000. U\u017ei izbor slika sa Somborske kolonije, Galerija kulturnog centra, Vrbas<br>2000. Oktobarski salon, \u0160abac<br>2001. Izlo\u017eba slika lik. kolonije \u201eKovilja\u010da 2000\u201c, galerija \u201eMina Karad\u017ei\u0107\u201c, Loznica<br>2001. Izlo\u017eba slika lik. kolonije \u201eVi\u0161egrad 2000\u201c, galerija \u201eMilenko Atanackovi\u0107\u201c, Bijeljina, BiH<br>2001. Izlo\u017eba slika lik. kolonije \u201eKovilja\u010da 2000\u201c, galerija \u201eVera Blagojevi\u0107\u201c, \u0160abac<br>2001. Me\u0111unarodno bijenale ilustracije \u201eZlatno pero\u201c, Beograd<br>2001. Majska izlo\u017eba, Beograd<br>2001. CADAQUES, izlo\u017eba male grafike, Barselona, \u0160panija (Engleska, Francuska)<br>2001. VIII izlo\u017eba crte\u017ea, galerija \u201eVera Blagojevi\u0107\u201c \u0160abac<br>2001. Figuralni akvarel III, me\u0111unarodna izlo\u017eba akvarela, Galerija akvarela \u2013 Kragujevac<br>2001. X izlo\u017eba malog formata, galerija \u201eVera Blagojevi\u0107\u201c, \u0160abac<br>2002. IX izlo\u017eba crte\u017ea, galerija \u201eVera Blagojevi\u0107\u201c, \u0160abac<br>2002. \u201eOtkrivaju\u0107i sebe\u201c, galerija \u201eSingidunum\u201c, Beograd (\u010dlanovi ULUPUDS-a)<br>2002. CADAQUES, izlo\u017eba male grafike, Barselona, \u0160panija (Engleska, Francuska)<br>2002. XI izlo\u017eba malog formata, galerija \u201eVera Blagojevi\u0107\u201c, \u0160abac<br>2002. Oktobarski salon, \u0160abac<br>2002. Zemunski salon, Zemun<br>2002. VI izlo\u017eba portreta, galerija \u201eVera Blagojevi\u0107\u201c, \u0160abac<br>2002. Mini art scena, galerija Singidunum, Beograd<br>2002. 1st Interbalkan forum of Contemporary Miniature Art, Solun, Gr\u010dka<br>2003. \u201eGrani\u010dna linija erotike\u201c, \u0160ok galerija, Novi Sad<br>2003. \u201eGrani\u010dna linija erotike\u201c, galerija \u201eMeander\u201c, Apatin<br>2003. Prole\u0107na izlo\u017eba, galerija \u201eStara kapetanija\u201c, Zemun<br>2003. VI salon mladih, galerija \u201eSopo\u0107anska vi\u0111enja\u201c, Novi Pazar<br>2003. X izlo\u017eba crte\u017ea, galerija \u201eVera Blagojevi\u0107\u201c, \u0160abac<br>2003. XII izlo\u017eba malog formata, galerija \u201eVera Blagojevi\u0107\u201c, \u0160abac<br>2003 VII me\u0111unarodna izlo\u017eba malog formata, Gornji Milanovac<br>2003. Me\u0111unarodno bijenale ilustracije BIB 2003, Bratislava, Slova\u010dka<br>2003. Me\u0111unarodno trijenale grafike, Bitola, Makedonija<br>2003. VII me\u0111unarodno bijenale ilustracije \u201eZlatno pero\u201c Beograd<br>2003. Oktobarski salon, Velika plana<br>2003. Oktobarski salon, \u0160abac<br>2003. Zemunski salon, \u201eStara kapetanija\u201c Zemun<br>2004. Majska izlo\u017eba, Beograd<br>2004. Prole\u0107ni salon, Zemun<br>2004. XIII izlo\u017eba malog formata, galerija \u201eVera Blagojevi\u0107\u201c, \u0160abac<br>2004. XI beogradska mini art scena, galerija \u201eSingidunum\u201c, Beograd<br>2004. CADAQUES, izlo\u017eba male grafike, Barselona, \u0160panija (Engleska, Francuska)<br>2005. Prole\u0107ni salon, Zemun<br>2005. Izbor slika lik. kolonije \u201eJahorina 2004\u201c, galerija \u201eMilenko Atanackovi\u0107\u201c, Bijeljina, RS, BiH<br>2005. VII me\u0111unarodno bijenale ilustracije \u201eZlatno pero\u201c, Beograd<br>2005. Oktobarski salon, \u0160abac<br>2005. CADAQUES, izlo\u017eba male grafike, Barselona, \u0160panija (Engleska, Francuska)<br>2006. Izlo\u017eba lik. kolonije \u201cSopo\u0107anska vi\u0111enja\u201d, Novi Pazar<br>2006. Prole\u0107na izlo\u017eba, \u201cStara kapetanija\u201d, Zemun<br>2006. Kliritart, galerija ULUS-a, Beograd<br>2006. \u201cCollection de Toledo\u201d, Arte de Circulo e Toledo, Toledo, \u0160panija<br>2006. \u201cNEXO 2006\u201d, Centro Cultural San Clemente, Toledo, \u0160panija<br>2006. FAIM, Madrid, \u0160panija<br>2006. Zemunski salon, \u201cStara Kapetanija\u201d, Zemun<br>2007. Zimski salon \u201807, galerija \u201cProgres\u201c, Beograd<br>2007. Bijenalna izlo\u017eba Art kolonije \u201cGali\u010dnik\u201d, \u0160tip, Bitola, Kumanovo, Skopje, Makedonija<br>2007. Oktobarski salon, Narodni muzej, \u0160abac<br>2009. Izbor slika art simpozijuma \u201eJahorina 2008\u201c, galerija \u201eNovi Hram\u201c, Sarajevo, BiH<br>2009. Oktobarski salon, Narodni muzej, \u0160abac<br>2010. \u201eLAGASAO\u201c Elvas, Portugal<br>2010. Zemunski salon, \u201eStara kapetanija\u201c, Zemun<br>2010. Art expo Badahoz, Portugal<br>2010. Gradska galerija, Kumanovo, Makedonija (Pelince 2010)<br>2011. Gradska galerija, Kumanovo, Makedonija (Pelince 2011)<br>2011. Gradska galerija, Kumanovo, Makedonija (50 godina Muzeja grada Kumanova)<br>2012. Tradicionalno moderno, Galerija 73, Beograd<br>2012. \u201eFigura u savremenoj umetnosti\u201c (Jahorina 2011), galerija \u201eNovi Hram\u201c, Sarajevo, BiH<br>2012. Oktobarski salon, Narodni muzej, \u0160abac<br>2012. Zemunski salon, \u201eStara Kapetanija\u201c, Zemun<br>2013. Prole\u0107na izlo\u017eba, \u201eStara Kapetanija\u201c, Zemun<br>2013. Oktobarski salon, Narodni muzej, \u0160abac<br>2013. Zemunski salon, \u201eStara Kapetanija\u201c, Zemun<br>2014. Prole\u0107na izlo\u017eba, \u201eStara Kapetanija\u201c, Zemun<br>2014. Oktobarski salon, Narodni muzej, \u0160abac<br>2014. Zemunski salon, \u201eStara Kapetanija\u201c, Zemun<br>2015. Prole\u0107na izlo\u017eba, \u201eStara Kapetanija\u201c, Zemun<br>2015. Oktobarski salon, Narodni muzej, \u0160abac<br>2015. Zemunski salon, \u201eStara Kapetanija\u201c, Zemun<br>2016. Prole\u0107na izlo\u017eba, \u201eStara Kapetanija\u201c, Zemun<br>2016. Oktobarski salon, Narodni muzej, \u0160abac<br>2016. Zemunski salon, \u201eStara Kapetanija\u201c, Zemun<\/p>\n<\/div>\n<\/div>\n<\/div><\/div>","protected":false},"excerpt":{"rendered":"<p>Collective exhibitions \/ grupne izlo\u017ebe<\/p>","protected":false},"author":1,"featured_media":0,"parent":0,"menu_order":0,"comment_status":"closed","ping_status":"closed","template":"","meta":{"_citadela_hide_page_title":"1","_citadela_remove_header_space":"1","_citadela_custom_class":"","_citadela_half_map_provider":"","_citadela_half_map_theme":"","_citadela_half_map_themeOSM":"","_citadela_half_map_customTheme":"","_citadela_half_map_dataType":"","_citadela_half_map_dynamicTrack":false,"_citadela_half_map_trackColor":"","_citadela_half_map_trackEndpointsColor":"","_citadela_half_map_filterCategory":"","_citadela_half_map_filterLocation":"","_citadela_half_map_filterFeatured":false,"_citadela_half_map_noDataBehavior":"empty-map","_citadela_half_map_noDataText":"","_citadela_half_map_clusterGridSize":80,"_citadela_header":false,"_citadela_header_over_content":false,"_citadela_header_text_color":"","_citadela_header_logo":[],"_citadela_header_bg_image":[],"_citadela_header_bg_position":{"x":0.5,"y":0.5},"_citadela_header_bg_size":"cover","_citadela_header_bg_repeat":"no-repeat","_citadela_header_bg_fixed":false,"_citadela_header_bg_color":"","_citadela_header_bg_image_overlay":"","_citadela_header_transparent_bg":false,"_citadela_content_width":"","_citadela_half_layout_position":"","footnotes":""},"class_list":["post-2452","page","type-page","status-publish","hentry"],"_links":{"self":[{"href":"https:\/\/pribicevic.pribiart.com\/sr\/wp-json\/wp\/v2\/pages\/2452","targetHints":{"allow":["GET"]}}],"collection":[{"href":"https:\/\/pribicevic.pribiart.com\/sr\/wp-json\/wp\/v2\/pages"}],"about":[{"href":"https:\/\/pribicevic.pribiart.com\/sr\/wp-json\/wp\/v2\/types\/page"}],"author":[{"embeddable":true,"href":"https:\/\/pribicevic.pribiart.com\/sr\/wp-json\/wp\/v2\/users\/1"}],"replies":[{"embeddable":true,"href":"https:\/\/pribicevic.pribiart.com\/sr\/wp-json\/wp\/v2\/comments?post=2452"}],"version-history":[{"count":24,"href":"https:\/\/pribicevic.pribiart.com\/sr\/wp-json\/wp\/v2\/pages\/2452\/revisions"}],"predecessor-version":[{"id":2487,"href":"https:\/\/pribicevic.pribiart.com\/sr\/wp-json\/wp\/v2\/pages\/2452\/revisions\/2487"}],"wp:attachment":[{"href":"https:\/\/pribicevic.pribiart.com\/sr\/wp-json\/wp\/v2\/media?parent=2452"}],"curies":[{"name":"wp","href":"https:\/\/api.w.org\/{rel}","templated":true}]}}