{"id":134,"date":"2019-12-12T11:31:51","date_gmt":"2019-12-12T11:31:51","guid":{"rendered":"https:\/\/pribicevic.pribiart.com\/about-me\/"},"modified":"2023-07-06T19:22:15","modified_gmt":"2023-07-06T19:22:15","slug":"about-me","status":"publish","type":"page","link":"https:\/\/pribicevic.pribiart.com\/sr\/about-me\/","title":{"rendered":"Ne\u0161to o meni..."},"content":{"rendered":"<div style=\"height:100px\" aria-hidden=\"true\" class=\"wp-block-spacer\"><\/div>\n\n\n\n<div class=\"wp-block-citadela-blocks-custom-container citadela-block-custom-container size-content bg-type-image inside-space-none has-overlay\"><div class=\"bg-image-overlay\" style=\"opacity:0.5\"><\/div><div class=\"inner-holder\">\n<div class=\"wp-block-columns alignwide is-layout-flex wp-container-core-columns-is-layout-9d6595d7 wp-block-columns-is-layout-flex\">\n<div class=\"wp-block-column is-vertically-aligned-center is-layout-flow wp-block-column-is-layout-flow\">\n<div class=\"wp-block-citadela-blocks-spacer citadela-block-spacer responsive-options loading hide-in-responsive\" data-block-attr=\"{&quot;desktop&quot;:{&quot;height&quot;:&quot;30px&quot;},&quot;mobile&quot;:{&quot;height&quot;:&quot;0px&quot;}}\" data-block-mobile-breakpoint=\"600\"><div class=\"inner-holder\" style=\"padding-top:30px\"><\/div><\/div>\n\n\n<div class=\"wp-block-image\">\n<figure class=\"aligncenter size-full\"><img loading=\"lazy\" decoding=\"async\" width=\"650\" height=\"516\" src=\"https:\/\/pribicevic.pribiart.com\/wp-content\/uploads\/2022\/11\/jas2-2.webp\" alt=\"\" class=\"wp-image-920\" srcset=\"https:\/\/pribicevic.pribiart.com\/wp-content\/uploads\/2022\/11\/jas2-2.webp 650w, https:\/\/pribicevic.pribiart.com\/wp-content\/uploads\/2022\/11\/jas2-2-300x238.webp 300w\" sizes=\"auto, (max-width: 650px) 100vw, 650px\" \/><\/figure>\n<\/div><\/div>\n\n\n\n<div class=\"wp-block-column is-vertically-aligned-center is-layout-flow wp-block-column-is-layout-flow\">\n<h1 class=\"wp-block-heading\" style=\"font-style:normal;font-weight:300\"><mark style=\"background-color:rgba(0, 0, 0, 0);color:#caaa7c\" class=\"has-inline-color\">Ne\u0161to o meni...<\/mark><\/h1>\n\n\n\n<h3 class=\"wp-block-heading\"><strong>Zdravo, ja sam Aleksandar Pribi\u0107evi\u0107.<\/strong> <\/h3>\n\n\n\n<p class=\"has-medium-font-size\">Ro\u0111en sam u Beogradu 1970. <br>In 1989, I graduated from the &#8220;Bogdan \u0160uput&#8221; Secondary School of Design in Novi Sad. <br>Nakon toga, diplomirao sam na Akademiji umetnosti u novom Sadu 1995. - slikarstvo.<\/p>\n\n\n\n<div style=\"height:20px\" aria-hidden=\"true\" class=\"wp-block-spacer\"><\/div>\n\n\n\n<h3 class=\"wp-block-heading\"><em>Ako Vam se dopadaju moji radovi<\/em>,<em> <\/em><br><em>don\u2019t hesitate to contact me now. <\/em><\/h3>\n\n\n\n<div class=\"wp-block-citadela-blocks-spacer citadela-block-spacer\"><div class=\"inner-holder\" style=\"padding-top:50px\"><\/div><\/div>\n\n\n\n<p><strong>Email &gt;&gt;&gt;<\/strong> <a href=\"mailto:pribiart@gmail.com\">pribiart@gmail.com<\/a> <\/p>\n<\/div>\n<\/div>\n\n\n\n<div class=\"wp-block-columns is-layout-flex wp-container-core-columns-is-layout-9d6595d7 wp-block-columns-is-layout-flex\">\n<div class=\"wp-block-column is-layout-flow wp-block-column-is-layout-flow\" style=\"flex-basis:100%\">\n<div class=\"wp-block-citadela-blocks-spacer citadela-block-spacer\"><div class=\"inner-holder\" style=\"padding-top:30px\"><\/div><\/div>\n<\/div>\n<\/div>\n\n\n\n<div class=\"wp-block-columns has-background is-layout-flex wp-container-core-columns-is-layout-9d6595d7 wp-block-columns-is-layout-flex\" style=\"background-color:#e6e4dfc2\">\n<div class=\"wp-block-column is-vertically-aligned-center is-layout-flow wp-block-column-is-layout-flow\" style=\"flex-basis:90%\">\n<p><strong>SAMOSTALNE IZLO\u017dBE<\/strong><\/p>\n\n\n\n<p><strong>2014 <\/strong>Galerija moderne umetnosti, Narodni muzej, Smederevska Palanka<br><strong>2013 <\/strong>Gallery \u201cStara kapetanija\u201d Zemun, Serbia<br><strong>2010 <\/strong>Gallery \u2013 Cultural center, Velika Plana, Serbia<br><strong>2010 <\/strong>Gallery \u2013 Cultural center, Cacak, Serbia<br><strong>2006 <\/strong>YUBIN, me\u0111unarodni kulturni centar, Beograd<br><strong>2005<\/strong> Museum of Skopje, (part of festival \u201cBela nok\u201d 2005), Skopje, Macedonia<br><strong>2005<\/strong> Gradska galerija, Smederevo<br><strong>2004 <\/strong>Gallery \u201cAlkatraz\u201d, AKC Metelkova. Ljubljana, Slovenia<br><strong>2004 <\/strong>Cite Internationale des Arts, Paris, France<br><strong>2004 <\/strong>AGORA Gallery, Soho-Chelsea, New York, USA<br><strong>2004 <\/strong>Gallery \u201cCedomir Krstic\u201d Pirot, Serbia<br><strong>2003 <\/strong>Gallery \u2013 Cultural center, Despotovac, Serbia<br><strong>2003 <\/strong>Gallery \u201cSingidunum\u201d Belgrade, Serbia<br><strong>2003 <\/strong>Gallery \u201cStara kapetanija\u201d Zemun, Serbia<br><strong>2002 <\/strong>Gallery \u201cVera Blagojevic\u201dSabac, Serbia<br><strong>2002 <\/strong>Gallery \u2013 Cultural center , Velika Plana, Serbia<br><strong>2002 <\/strong>Gallery \u201cCigota\u201d, Zlatibor, (programs part on MEFEST 2002.) , Serbia<br><strong>2001 <\/strong>Kulturni centar, Beo\u010din<br><strong>2000 <\/strong>Gallery \u2013 Cultural center \u201cHazar\u201d, Backa Palanka, Serbia<br><strong>2000 <\/strong>Gallery \u2013 Cultural center, Odzaci, Serbia<br><strong>2000 <\/strong>Gallery \u2013 Cultural center, Kula, Serbia<br><strong>1999 <\/strong>Galerija SULUJ, Beograd<br><strong>1998 <\/strong>SKC, Beograd<br><strong>1998 <\/strong>Gallery \u201cMilenko Atanackovic\u201d Bijeljina, Republic of Srpska, BiH<br><strong>1998 <\/strong>Gallery \u2013 Museum of Valjevo, Valjevo, Serbia<br><strong>1998 <\/strong>Muzej Srem, Sremska Mitrovica (art grupa 3(1))<br><strong>1997 <\/strong>Gallery \u201cVera Blagojevic\u201d Sabac, Serbia<br><strong>1997 <\/strong>Gallery \u201cPaleta\u201d, Belgrade Cultural center, Beograd, Serbia<br><strong>1997 <\/strong>Trsic (programs part of \u201cVukov sabor\u201d with artists group 3(1)) , Serbia<br><strong>1997 <\/strong>TP \u201cJadar\u201d , KPC \u201cVuk Karadzic\u201d, Loznica, Serbia<br><strong>1997 <\/strong>SKC, Beograd<br><strong>1995 <\/strong>TP \u201cJadar\u201d , KPC \u201cVuk Karadzic\u201d, Loznica, Serbia<br><strong>1992 <\/strong>House of culture \u201cVuk S. Karadzic\u201d, Loznica, Serbia<\/p>\n<\/div>\n<\/div>\n\n\n\n<div class=\"wp-block-columns has-background is-layout-flex wp-container-core-columns-is-layout-9d6595d7 wp-block-columns-is-layout-flex\" style=\"background-color:#e6e4dfc2\">\n<div class=\"wp-block-column is-vertically-aligned-center is-layout-flow wp-block-column-is-layout-flow\" style=\"flex-basis:90%\">\n<p><strong>Nagrade<\/strong><\/p>\n\n\n\n<p><strong>2013 <\/strong>Grand prix \u2013 Zemun\u2019s salon of art, gallery \u201eStara kapetanija\u201c, Belgrade, Serbia<br><strong>2012 <\/strong>First Award \u2013 October\u2019s salon of art, National Museum, Sabac, Serbia<br><strong>2004 <\/strong>Award for the best miniature \u2013 XIII exhibition of miniature art, Sabac, Serbia<br><strong>2003 <\/strong>First Award \u2013 October\u2019s salon of art, Velika Plana, Serbia<br><strong>2003 <\/strong>First Award \u2013 Young painters exhibition, Novi Pazar, Serbia<br><strong>1996<\/strong> Golden pen \u2013 International Biennale of illustrations \u201cGolden pen\u201d, Belgrade<\/p>\n<\/div>\n<\/div>\n\n\n\n<div class=\"wp-block-columns has-background is-layout-flex wp-container-core-columns-is-layout-9d6595d7 wp-block-columns-is-layout-flex\" style=\"background-color:#e6e4dfc2\">\n<div class=\"wp-block-column is-vertically-aligned-center is-layout-flow wp-block-column-is-layout-flow\" style=\"flex-basis:100%\">\n<p><strong>Me\u0111unarodni Art simpozijumi:<\/strong><\/p>\n\n\n\n<p><strong>2011<\/strong> Art simpozijum, Pelince, Kumanovo, S. Makedonia<br><strong>2011<\/strong> Art simpozijum, Jahorina, Bosna i Hercegovina<br><strong>2010<\/strong> Art simpozijum, Pelince, Kumanovo, S. Makedonia<br><strong>2010<\/strong> Art symposium LAGASAO 2010, Elvas, Portugal<br><strong>2008<\/strong> Art simpozijum, Jahorina, Bosna i Hercegovina<br><strong>2006<\/strong> Art symposium NEXO 2006, Toledo, Spain<br><strong>2005<\/strong> Art simpozijum, Gali\u010dnik, S. Makedonija<br><strong>2004<\/strong> Art simpozijum, Jahorina, Bosna i Hercegovina<\/p>\n<\/div>\n<\/div>\n\n\n\n<div class=\"wp-block-columns are-vertically-aligned-center has-background is-layout-flex wp-container-core-columns-is-layout-9d6595d7 wp-block-columns-is-layout-flex\" style=\"background-color:#e6e4dfc2\">\n<div class=\"wp-block-column is-vertically-aligned-center is-layout-flow wp-block-column-is-layout-flow\" style=\"flex-basis:90%\">\n<p><strong>U\u010destvovao sam na vi\u0161e od 150 grupnih izlo\u017ebi u Srbiji i inostranstvu.<\/strong><br><strong><a href=\"https:\/\/pribicevic.pribiart.com\/group-exhibitions\/\" target=\"_blank\" rel=\"noreferrer noopener\">List of these exhibitions \/ lista kolektivnih izlozbi<\/a><\/strong><\/p>\n\n\n\n<p><\/p>\n\n\n\n<p><strong>Ostale aktivnosti:<\/strong><br>Since 1994 \u2013 \u0442he professional engaged in graphic design and illustration.<br>One of the founders of the gallery \u201cMina Karadzic\u201d in Loznica, Serbia.<\/p>\n<\/div>\n<\/div>\n<\/div><\/div>\n\n\n\n<ul class=\"wp-block-social-links aligncenter has-icon-color has-icon-background-color is-layout-flex wp-block-social-links-is-layout-flex\"><li style=\"color:#000000;background-color:#caaa7c;\" class=\"wp-social-link wp-social-link-linkedin has-black-color wp-block-social-link\"><a rel=\"noopener nofollow\" target=\"_blank\" href=\"https:\/\/rs.linkedin.com\/in\/aleksandar-pribicevic-602a8068\" class=\"wp-block-social-link-anchor\"><svg width=\"24\" height=\"24\" viewbox=\"0 0 24 24\" version=\"1.1\" xmlns=\"http:\/\/www.w3.org\/2000\/svg\" aria-hidden=\"true\" focusable=\"false\"><path d=\"M19.7,3H4.3C3.582,3,3,3.582,3,4.3v15.4C3,20.418,3.582,21,4.3,21h15.4c0.718,0,1.3-0.582,1.3-1.3V4.3 C21,3.582,20.418,3,19.7,3z M8.339,18.338H5.667v-8.59h2.672V18.338z M7.004,8.574c-0.857,0-1.549-0.694-1.549-1.548 c0-0.855,0.691-1.548,1.549-1.548c0.854,0,1.547,0.694,1.547,1.548C8.551,7.881,7.858,8.574,7.004,8.574z M18.339,18.338h-2.669 v-4.177c0-0.996-0.017-2.278-1.387-2.278c-1.389,0-1.601,1.086-1.601,2.206v4.249h-2.667v-8.59h2.559v1.174h0.037 c0.356-0.675,1.227-1.387,2.526-1.387c2.703,0,3.203,1.779,3.203,4.092V18.338z\"><\/path><\/svg><span class=\"wp-block-social-link-label screen-reader-text\">LinkedIn<\/span><\/a><\/li>\n\n\n\n<li style=\"color:#000000;background-color:#caaa7c;\" class=\"wp-social-link wp-social-link-facebook has-black-color wp-block-social-link\"><a rel=\"noopener nofollow\" target=\"_blank\" href=\"https:\/\/www.facebook.com\/people\/Pribi-Art\/100010613414844\/\" class=\"wp-block-social-link-anchor\"><svg width=\"24\" height=\"24\" viewbox=\"0 0 24 24\" version=\"1.1\" xmlns=\"http:\/\/www.w3.org\/2000\/svg\" aria-hidden=\"true\" focusable=\"false\"><path d=\"M12 2C6.5 2 2 6.5 2 12c0 5 3.7 9.1 8.4 9.9v-7H7.9V12h2.5V9.8c0-2.5 1.5-3.9 3.8-3.9 1.1 0 2.2.2 2.2.2v2.5h-1.3c-1.2 0-1.6.8-1.6 1.6V12h2.8l-.4 2.9h-2.3v7C18.3 21.1 22 17 22 12c0-5.5-4.5-10-10-10z\"><\/path><\/svg><span class=\"wp-block-social-link-label screen-reader-text\">Facebook<\/span><\/a><\/li>\n\n<li style=\"color:#000000;background-color:#caaa7c;\" class=\"wp-social-link wp-social-link-instagram has-black-color wp-block-social-link\"><a rel=\"noopener nofollow\" target=\"_blank\" href=\"https:\/\/www.instagram.com\/pribiart\/\" class=\"wp-block-social-link-anchor\"><svg width=\"24\" height=\"24\" viewbox=\"0 0 24 24\" version=\"1.1\" xmlns=\"http:\/\/www.w3.org\/2000\/svg\" aria-hidden=\"true\" focusable=\"false\"><path d=\"M12,4.622c2.403,0,2.688,0.009,3.637,0.052c0.877,0.04,1.354,0.187,1.671,0.31c0.42,0.163,0.72,0.358,1.035,0.673 c0.315,0.315,0.51,0.615,0.673,1.035c0.123,0.317,0.27,0.794,0.31,1.671c0.043,0.949,0.052,1.234,0.052,3.637 s-0.009,2.688-0.052,3.637c-0.04,0.877-0.187,1.354-0.31,1.671c-0.163,0.42-0.358,0.72-0.673,1.035 c-0.315,0.315-0.615,0.51-1.035,0.673c-0.317,0.123-0.794,0.27-1.671,0.31c-0.949,0.043-1.233,0.052-3.637,0.052 s-2.688-0.009-3.637-0.052c-0.877-0.04-1.354-0.187-1.671-0.31c-0.42-0.163-0.72-0.358-1.035-0.673 c-0.315-0.315-0.51-0.615-0.673-1.035c-0.123-0.317-0.27-0.794-0.31-1.671C4.631,14.688,4.622,14.403,4.622,12 s0.009-2.688,0.052-3.637c0.04-0.877,0.187-1.354,0.31-1.671c0.163-0.42,0.358-0.72,0.673-1.035 c0.315-0.315,0.615-0.51,1.035-0.673c0.317-0.123,0.794-0.27,1.671-0.31C9.312,4.631,9.597,4.622,12,4.622 M12,3 C9.556,3,9.249,3.01,8.289,3.054C7.331,3.098,6.677,3.25,6.105,3.472C5.513,3.702,5.011,4.01,4.511,4.511 c-0.5,0.5-0.808,1.002-1.038,1.594C3.25,6.677,3.098,7.331,3.054,8.289C3.01,9.249,3,9.556,3,12c0,2.444,0.01,2.751,0.054,3.711 c0.044,0.958,0.196,1.612,0.418,2.185c0.23,0.592,0.538,1.094,1.038,1.594c0.5,0.5,1.002,0.808,1.594,1.038 c0.572,0.222,1.227,0.375,2.185,0.418C9.249,20.99,9.556,21,12,21s2.751-0.01,3.711-0.054c0.958-0.044,1.612-0.196,2.185-0.418 c0.592-0.23,1.094-0.538,1.594-1.038c0.5-0.5,0.808-1.002,1.038-1.594c0.222-0.572,0.375-1.227,0.418-2.185 C20.99,14.751,21,14.444,21,12s-0.01-2.751-0.054-3.711c-0.044-0.958-0.196-1.612-0.418-2.185c-0.23-0.592-0.538-1.094-1.038-1.594 c-0.5-0.5-1.002-0.808-1.594-1.038c-0.572-0.222-1.227-0.375-2.185-0.418C14.751,3.01,14.444,3,12,3L12,3z M12,7.378 c-2.552,0-4.622,2.069-4.622,4.622S9.448,16.622,12,16.622s4.622-2.069,4.622-4.622S14.552,7.378,12,7.378z M12,15 c-1.657,0-3-1.343-3-3s1.343-3,3-3s3,1.343,3,3S13.657,15,12,15z M16.804,6.116c-0.596,0-1.08,0.484-1.08,1.08 s0.484,1.08,1.08,1.08c0.596,0,1.08-0.484,1.08-1.08S17.401,6.116,16.804,6.116z\"><\/path><\/svg><span class=\"wp-block-social-link-label screen-reader-text\">Instagram<\/span><\/a><\/li>\n\n<li style=\"color:#000000;background-color:#caaa7c;\" class=\"wp-social-link wp-social-link-twitter has-black-color wp-block-social-link\"><a rel=\"noopener nofollow\" target=\"_blank\" href=\"https:\/\/twitter.com\/Pribi_Art\" class=\"wp-block-social-link-anchor\"><svg width=\"24\" height=\"24\" viewbox=\"0 0 24 24\" version=\"1.1\" xmlns=\"http:\/\/www.w3.org\/2000\/svg\" aria-hidden=\"true\" focusable=\"false\"><path d=\"M22.23,5.924c-0.736,0.326-1.527,0.547-2.357,0.646c0.847-0.508,1.498-1.312,1.804-2.27 c-0.793,0.47-1.671,0.812-2.606,0.996C18.324,4.498,17.257,4,16.077,4c-2.266,0-4.103,1.837-4.103,4.103 c0,0.322,0.036,0.635,0.106,0.935C8.67,8.867,5.647,7.234,3.623,4.751C3.27,5.357,3.067,6.062,3.067,6.814 c0,1.424,0.724,2.679,1.825,3.415c-0.673-0.021-1.305-0.206-1.859-0.513c0,0.017,0,0.034,0,0.052c0,1.988,1.414,3.647,3.292,4.023 c-0.344,0.094-0.707,0.144-1.081,0.144c-0.264,0-0.521-0.026-0.772-0.074c0.522,1.63,2.038,2.816,3.833,2.85 c-1.404,1.1-3.174,1.756-5.096,1.756c-0.331,0-0.658-0.019-0.979-0.057c1.816,1.164,3.973,1.843,6.29,1.843 c7.547,0,11.675-6.252,11.675-11.675c0-0.178-0.004-0.355-0.012-0.531C20.985,7.47,21.68,6.747,22.23,5.924z\"><\/path><\/svg><span class=\"wp-block-social-link-label screen-reader-text\">Twitter<\/span><\/a><\/li>\n\n<li style=\"color:#000000;background-color:#caaa7c;\" class=\"wp-social-link wp-social-link-pinterest has-black-color wp-block-social-link\"><a rel=\"noopener nofollow\" target=\"_blank\" href=\"https:\/\/www.pinterest.com\/pribiart\/\" class=\"wp-block-social-link-anchor\"><svg width=\"24\" height=\"24\" viewbox=\"0 0 24 24\" version=\"1.1\" xmlns=\"http:\/\/www.w3.org\/2000\/svg\" aria-hidden=\"true\" focusable=\"false\"><path d=\"M12.289,2C6.617,2,3.606,5.648,3.606,9.622c0,1.846,1.025,4.146,2.666,4.878c0.25,0.111,0.381,0.063,0.439-0.169 c0.044-0.175,0.267-1.029,0.365-1.428c0.032-0.128,0.017-0.237-0.091-0.362C6.445,11.911,6.01,10.75,6.01,9.668 c0-2.777,2.194-5.464,5.933-5.464c3.23,0,5.49,2.108,5.49,5.122c0,3.407-1.794,5.768-4.13,5.768c-1.291,0-2.257-1.021-1.948-2.277 c0.372-1.495,1.089-3.112,1.089-4.191c0-0.967-0.542-1.775-1.663-1.775c-1.319,0-2.379,1.309-2.379,3.059 c0,1.115,0.394,1.869,0.394,1.869s-1.302,5.279-1.54,6.261c-0.405,1.666,0.053,4.368,0.094,4.604 c0.021,0.126,0.167,0.169,0.25,0.063c0.129-0.165,1.699-2.419,2.142-4.051c0.158-0.59,0.817-2.995,0.817-2.995 c0.43,0.784,1.681,1.446,3.013,1.446c3.963,0,6.822-3.494,6.822-7.833C20.394,5.112,16.849,2,12.289,2\"><\/path><\/svg><span class=\"wp-block-social-link-label screen-reader-text\">Pinterest<\/span><\/a><\/li><\/ul>","protected":false},"excerpt":{"rendered":"","protected":false},"author":1,"featured_media":0,"parent":0,"menu_order":0,"comment_status":"closed","ping_status":"closed","template":"","meta":{"_citadela_hide_page_title":"1","_citadela_remove_header_space":"1","_citadela_custom_class":"","_citadela_half_map_provider":"","_citadela_half_map_theme":"","_citadela_half_map_themeOSM":"","_citadela_half_map_customTheme":"","_citadela_half_map_dataType":"","_citadela_half_map_dynamicTrack":false,"_citadela_half_map_trackColor":"","_citadela_half_map_trackEndpointsColor":"","_citadela_half_map_filterCategory":"","_citadela_half_map_filterLocation":"","_citadela_half_map_filterFeatured":false,"_citadela_half_map_noDataBehavior":"empty-map","_citadela_half_map_noDataText":"","_citadela_half_map_clusterGridSize":80,"_citadela_header":false,"_citadela_header_over_content":false,"_citadela_header_text_color":"","_citadela_header_logo":[],"_citadela_header_bg_image":[],"_citadela_header_bg_position":[],"_citadela_header_bg_size":"","_citadela_header_bg_repeat":"","_citadela_header_bg_fixed":false,"_citadela_header_bg_color":"","_citadela_header_bg_image_overlay":"","_citadela_header_transparent_bg":false,"_citadela_content_width":"","_citadela_half_layout_position":"","footnotes":""},"class_list":["post-134","page","type-page","status-publish","hentry"],"_links":{"self":[{"href":"https:\/\/pribicevic.pribiart.com\/sr\/wp-json\/wp\/v2\/pages\/134","targetHints":{"allow":["GET"]}}],"collection":[{"href":"https:\/\/pribicevic.pribiart.com\/sr\/wp-json\/wp\/v2\/pages"}],"about":[{"href":"https:\/\/pribicevic.pribiart.com\/sr\/wp-json\/wp\/v2\/types\/page"}],"author":[{"embeddable":true,"href":"https:\/\/pribicevic.pribiart.com\/sr\/wp-json\/wp\/v2\/users\/1"}],"replies":[{"embeddable":true,"href":"https:\/\/pribicevic.pribiart.com\/sr\/wp-json\/wp\/v2\/comments?post=134"}],"version-history":[{"count":41,"href":"https:\/\/pribicevic.pribiart.com\/sr\/wp-json\/wp\/v2\/pages\/134\/revisions"}],"predecessor-version":[{"id":2498,"href":"https:\/\/pribicevic.pribiart.com\/sr\/wp-json\/wp\/v2\/pages\/134\/revisions\/2498"}],"wp:attachment":[{"href":"https:\/\/pribicevic.pribiart.com\/sr\/wp-json\/wp\/v2\/media?parent=134"}],"curies":[{"name":"wp","href":"https:\/\/api.w.org\/{rel}","templated":true}]}}